{"id":25,"date":"2024-10-31T03:21:40","date_gmt":"2024-10-31T03:21:40","guid":{"rendered":"https:\/\/schwanenschutz.org\/de\/?page_id=25"},"modified":"2025-05-27T18:24:29","modified_gmt":"2025-05-27T18:24:29","slug":"","status":"publish","type":"page","link":"https:\/\/schwanenschutz.org\/en\/contact\/","title":{"rendered":"","raw":""},"content":{"rendered":"","protected":false,"raw":""},"excerpt":{"rendered":"","protected":false,"raw":""},"author":1,"featured_media":0,"parent":0,"menu_order":0,"comment_status":"closed","ping_status":"closed","template":"","meta":{"_de_post_content":"<!-- wp:html -->\n<p>In akuten F\u00e4llen erreichst du uns telefonisch unter \n<b>+&#52;&#51;&#32;&#54;&#56;&#49;&#32;&#50;&#48;&#56;&#49;&#57;&#57;&#53;&#53;<\/b> \noder <b>+&#52;&#51;&#32;&#54;&#57;&#57;&#32;&#49;&#56;&#48;&#51;&#57;&#50;&#52;&#54;<\/b>.\n<br\/><br\/>\nAndernfalls kannst du uns hier eine Nachricht schreiben und wir werden zeitnah antworten:<br\/><\/p>\n<!-- \/wp:html -->\n\n<!-- wp:fluentfom\/guten-block {\"formId\":\"1\"} \/-->\n\n<!-- wp:paragraph -->\n<p><\/p>\n<!-- \/wp:paragraph -->\n\n<!-- wp:paragraph -->\n<p><strong>Impressum<\/strong><br>Schwanenschutz O\u00d6<br>ZVR-Zahl: 1007742415<br>Pr\u00e4sident: Alexander Maritsch<br>4864 Attersee am Attersee<br>\u00d6sterreich<br>Eingetragener gemeinn\u00fctziger Verein seit 21.08.2024<\/p>\n<!-- \/wp:paragraph -->\n\n<!-- wp:paragraph -->\n<p><\/p>\n<!-- \/wp:paragraph -->","_de_post_name":"contact","_de_post_excerpt":"","_de_post_title":"Kontakt","_en_post_content":"","_en_post_name":"","_en_post_excerpt":"","_en_post_title":"","edit_language":"en","footnotes":""},"class_list":["post-25","page","type-page","status-publish","hentry"],"_links":{"self":[{"href":"https:\/\/schwanenschutz.org\/en\/wp-json\/wp\/v2\/pages\/25","targetHints":{"allow":["GET"]}}],"collection":[{"href":"https:\/\/schwanenschutz.org\/en\/wp-json\/wp\/v2\/pages"}],"about":[{"href":"https:\/\/schwanenschutz.org\/en\/wp-json\/wp\/v2\/types\/page"}],"author":[{"embeddable":true,"href":"https:\/\/schwanenschutz.org\/en\/wp-json\/wp\/v2\/users\/1"}],"replies":[{"embeddable":true,"href":"https:\/\/schwanenschutz.org\/en\/wp-json\/wp\/v2\/comments?post=25"}],"version-history":[{"count":17,"href":"https:\/\/schwanenschutz.org\/en\/wp-json\/wp\/v2\/pages\/25\/revisions"}],"predecessor-version":[{"id":51,"href":"https:\/\/schwanenschutz.org\/en\/wp-json\/wp\/v2\/pages\/25\/revisions\/51"}],"wp:attachment":[{"href":"https:\/\/schwanenschutz.org\/en\/wp-json\/wp\/v2\/media?parent=25"}],"curies":[{"name":"wp","href":"https:\/\/api.w.org\/{rel}","templated":true}]}}